{"id":636,"date":"2021-08-27T13:18:36","date_gmt":"2021-08-27T17:18:36","guid":{"rendered":"https:\/\/hugocorporation.com\/index.php\/home\/"},"modified":"2021-08-27T14:52:50","modified_gmt":"2021-08-27T18:52:50","slug":"home","status":"publish","type":"page","link":"https:\/\/hugocorporation.com\/fr\/","title":{"rendered":"Accueil"},"content":{"rendered":"<p>[et_pb_section fb_built=\u00a0\u00bb1&Prime; custom_padding_last_edited=\u00a0\u00bbon|tablet\u00a0\u00bb admin_label=\u00a0\u00bbHero\u00a0\u00bb _builder_version=\u00a0\u00bb4.10.1&Prime; background_color=\u00a0\u00bbRGBA(0,0,0,0)\u00a0\u00bb background_color_gradient_direction=\u00a0\u00bb193deg\u00a0\u00bb background_image=\u00a0\u00bbhttps:\/\/hugocorporation.com\/wp-content\/uploads\/2021\/08\/Hugo-Corporation-Image-fond.jpg\u00a0\u00bb parallax=\u00a0\u00bbon\u00a0\u00bb min_height=\u00a0\u00bb874.3px\u00a0\u00bb custom_margin=\u00a0\u00bb0px||-1px||false|false\u00a0\u00bb custom_padding=\u00a0\u00bb4px|17.1%|4px|17.1%|true|true\u00a0\u00bb custom_padding_tablet=\u00a0\u00bb|30px||30px||true\u00a0\u00bb custom_padding_phone=\u00a0\u00bb|||||true\u00a0\u00bb global_colors_info=\u00a0\u00bb{}\u00a0\u00bb locked=\u00a0\u00bboff\u00a0\u00bb collapsed=\u00a0\u00bbon\u00a0\u00bb][et_pb_row custom_padding_last_edited=\u00a0\u00bbon|phone\u00a0\u00bb _builder_version=\u00a0\u00bb4.10.1&Prime; background_color=\u00a0\u00bbRGBA(0,0,0,0)\u00a0\u00bb background_size=\u00a0\u00bbinitial\u00a0\u00bb width=\u00a0\u00bb100%\u00a0\u00bb max_width=\u00a0\u00bb100%\u00a0\u00bb module_alignment=\u00a0\u00bbcenter\u00a0\u00bb custom_margin=\u00a0\u00bb||28px||false|false\u00a0\u00bb custom_margin_tablet=\u00a0\u00bb|auto||auto|false|false\u00a0\u00bb custom_margin_phone=\u00a0\u00bb101px||0px||false|false\u00a0\u00bb custom_margin_last_edited=\u00a0\u00bbon|phone\u00a0\u00bb custom_padding=\u00a0\u00bb|142px||142px|false|true\u00a0\u00bb custom_padding_tablet=\u00a0\u00bb81px|0px||0px|false|false\u00a0\u00bb custom_padding_phone=\u00a0\u00bb||||false|false\u00a0\u00bb use_custom_width=\u00a0\u00bbon\u00a0\u00bb width_unit=\u00a0\u00bboff\u00a0\u00bb custom_width_percent=\u00a0\u00bb100%\u00a0\u00bb global_colors_info=\u00a0\u00bb{}\u00a0\u00bb][et_pb_column type=\u00a0\u00bb4_4&Prime; _builder_version=\u00a0\u00bb4.9.7&Prime; background_color=\u00a0\u00bbRGBA(0,0,0,0)\u00a0\u00bb custom_padding=\u00a0\u00bb12vw|40px|12vw|40px\u00a0\u00bb custom_padding_tablet=\u00a0\u00bb|||\u00a0\u00bb custom_padding_phone=\u00a0\u00bb|10px||10px||true\u00a0\u00bb custom_padding_last_edited=\u00a0\u00bbon|desktop\u00a0\u00bb global_colors_info=\u00a0\u00bb{}\u00a0\u00bb padding_phone=\u00a0\u00bb|10px||10px||true\u00a0\u00bb padding_tablet=\u00a0\u00bb|||\u00a0\u00bb padding_last_edited=\u00a0\u00bbon|desktop\u00a0\u00bb custom_padding__hover=\u00a0\u00bb|||\u00a0\u00bb][et_pb_image src=\u00a0\u00bbhttps:\/\/hugocorporation.com\/wp-content\/uploads\/2021\/08\/Hugo-Corporation-Logo.png\u00a0\u00bb title_text=\u00a0\u00bbHugo Corporation-Logo\u00a0\u00bb show_bottom_space=\u00a0\u00bboff\u00a0\u00bb align=\u00a0\u00bbcenter\u00a0\u00bb _builder_version=\u00a0\u00bb4.10.1&Prime; _module_preset=\u00a0\u00bbdefault\u00a0\u00bb min_height_tablet=\u00a0\u00bb\u00a0\u00bb min_height_phone=\u00a0\u00bb\u00a0\u00bb min_height_last_edited=\u00a0\u00bbon|desktop\u00a0\u00bb custom_margin=\u00a0\u00bb38px|0px|0px|0px|false|true\u00a0\u00bb custom_padding=\u00a0\u00bb0px|0px|0px|0px|false|true\u00a0\u00bb filter_contrast=\u00a0\u00bb121%\u00a0\u00bb animation_style=\u00a0\u00bbfade\u00a0\u00bb animation_duration=\u00a0\u00bb2000ms\u00a0\u00bb animation_delay=\u00a0\u00bb200ms\u00a0\u00bb animation_speed_curve=\u00a0\u00bbease-in\u00a0\u00bb global_colors_info=\u00a0\u00bb{}\u00a0\u00bb][\/et_pb_image][\/et_pb_column][\/et_pb_row][\/et_pb_section][et_pb_section fb_built=\u00a0\u00bb1&Prime; custom_padding_last_edited=\u00a0\u00bboff|phone\u00a0\u00bb admin_label=\u00a0\u00bbHero\u00a0\u00bb _builder_version=\u00a0\u00bb4.10.1&Prime; background_enable_color=\u00a0\u00bboff\u00a0\u00bb use_background_color_gradient=\u00a0\u00bbon\u00a0\u00bb background_color_gradient_start=\u00a0\u00bb#c10029&Prime; background_color_gradient_end=\u00a0\u00bb#6d001b\u00a0\u00bb background_color_gradient_direction=\u00a0\u00bb51deg\u00a0\u00bb background_video_pause_outside_viewport=\u00a0\u00bboff\u00a0\u00bb module_alignment=\u00a0\u00bbcenter\u00a0\u00bb min_height_tablet=\u00a0\u00bb\u00a0\u00bb min_height_phone=\u00a0\u00bb\u00a0\u00bb min_height_last_edited=\u00a0\u00bbon|desktop\u00a0\u00bb height_tablet=\u00a0\u00bb\u00a0\u00bb height_phone=\u00a0\u00bb\u00a0\u00bb height_last_edited=\u00a0\u00bbon|tablet\u00a0\u00bb custom_margin=\u00a0\u00bb-38px||-122px||false|false\u00a0\u00bb custom_margin_tablet=\u00a0\u00bb||||false|false\u00a0\u00bb custom_margin_phone=\u00a0\u00bb0px||-394px||false|false\u00a0\u00bb custom_margin_last_edited=\u00a0\u00bbon|phone\u00a0\u00bb custom_padding=\u00a0\u00bb||14px||false|true\u00a0\u00bb custom_padding_tablet=\u00a0\u00bb|30px||30px||true\u00a0\u00bb custom_padding_phone=\u00a0\u00bb|||||true\u00a0\u00bb top_divider_color=\u00a0\u00bb#0C71C3&Prime; top_divider_flip=\u00a0\u00bbhorizontal\u00a0\u00bb bottom_divider_height=\u00a0\u00bb276px\u00a0\u00bb bottom_divider_repeat=\u00a0\u00bb1x\u00a0\u00bb global_colors_info=\u00a0\u00bb{}\u00a0\u00bb locked=\u00a0\u00bboff\u00a0\u00bb collapsed=\u00a0\u00bbon\u00a0\u00bb][et_pb_row _builder_version=\u00a0\u00bb4.10.1&Prime; _module_preset=\u00a0\u00bbdefault\u00a0\u00bb width=\u00a0\u00bbauto\u00a0\u00bb module_alignment=\u00a0\u00bbcenter\u00a0\u00bb custom_margin=\u00a0\u00bb||52px||false|true\u00a0\u00bb custom_padding=\u00a0\u00bb117px||189px|0px|false|false\u00a0\u00bb global_colors_info=\u00a0\u00bb{}\u00a0\u00bb][et_pb_column type=\u00a0\u00bb4_4&Prime; admin_label=\u00a0\u00bbColumn\u00a0\u00bb _builder_version=\u00a0\u00bb4.9.7&Prime; _module_preset=\u00a0\u00bbdefault\u00a0\u00bb global_colors_info=\u00a0\u00bb{}\u00a0\u00bb][et_pb_text admin_label=\u00a0\u00bbTitle\u00a0\u00bb _builder_version=\u00a0\u00bb4.10.1&Prime; text_font=\u00a0\u00bbMontserrat|700|||||||\u00a0\u00bb text_text_color=\u00a0\u00bb#c1172c\u00a0\u00bb text_font_size=\u00a0\u00bb18px\u00a0\u00bb text_line_height=\u00a0\u00bb1.8em\u00a0\u00bb header_font=\u00a0\u00bbMontserrat|700|||||||\u00a0\u00bb header_text_color=\u00a0\u00bb#c1172c\u00a0\u00bb header_2_font=\u00a0\u00bbTeko||||||||\u00a0\u00bb header_2_font_size=\u00a0\u00bb96px\u00a0\u00bb text_orientation=\u00a0\u00bbcenter\u00a0\u00bb max_width=\u00a0\u00bb1110px\u00a0\u00bb module_alignment=\u00a0\u00bbcenter\u00a0\u00bb height_tablet=\u00a0\u00bb\u00a0\u00bb height_phone=\u00a0\u00bb\u00a0\u00bb height_last_edited=\u00a0\u00bbon|desktop\u00a0\u00bb custom_margin=\u00a0\u00bb||-96px||false|true\u00a0\u00bb custom_margin_tablet=\u00a0\u00bb-66px||||false|false\u00a0\u00bb custom_margin_phone=\u00a0\u00bb-69px||46px||false|false\u00a0\u00bb custom_margin_last_edited=\u00a0\u00bbon|desktop\u00a0\u00bb custom_padding=\u00a0\u00bb0px||0px||false|true\u00a0\u00bb header_2_font_size_tablet=\u00a0\u00bb66px\u00a0\u00bb header_2_font_size_phone=\u00a0\u00bb36px\u00a0\u00bb header_2_font_size_last_edited=\u00a0\u00bbon|phone\u00a0\u00bb inline_fonts=\u00a0\u00bbMontserrat\u00a0\u00bb global_colors_info=\u00a0\u00bb{}\u00a0\u00bb]<\/p>\n<h1 style=\"text-align: center;\"><span style=\"color: #ffffff; font-family: Montserrat;\"><span style=\"caret-color: #c1172c;\">LE SUCC\u00c8S EST ILLIMIT\u00c9, OSEZ R\u00caVER<\/span><\/span><\/h1>\n<p>[\/et_pb_text][\/et_pb_column][\/et_pb_row][\/et_pb_section][et_pb_section fb_built=\u00a0\u00bb1&Prime; custom_padding_last_edited=\u00a0\u00bbon|phone\u00a0\u00bb admin_label=\u00a0\u00bbHero\u00a0\u00bb _builder_version=\u00a0\u00bb4.10.1&Prime; background_color=\u00a0\u00bb#040402&Prime; max_width_last_edited=\u00a0\u00bboff|tablet\u00a0\u00bb min_height_tablet=\u00a0\u00bb370px\u00a0\u00bb min_height_phone=\u00a0\u00bb\u00a0\u00bb min_height_last_edited=\u00a0\u00bbon|phone\u00a0\u00bb height=\u00a0\u00bb606px\u00a0\u00bb height_tablet=\u00a0\u00bb758px\u00a0\u00bb height_phone=\u00a0\u00bb\u00a0\u00bb height_last_edited=\u00a0\u00bbon|phone\u00a0\u00bb max_height_tablet=\u00a0\u00bb774px\u00a0\u00bb max_height_phone=\u00a0\u00bb\u00a0\u00bb max_height_last_edited=\u00a0\u00bbon|desktop\u00a0\u00bb custom_margin=\u00a0\u00bb118px||-26px||false|false\u00a0\u00bb custom_margin_tablet=\u00a0\u00bb2px||-26px||false|false\u00a0\u00bb custom_margin_phone=\u00a0\u00bb||-5px||false|false\u00a0\u00bb custom_margin_last_edited=\u00a0\u00bbon|tablet\u00a0\u00bb custom_padding=\u00a0\u00bb2px||0px||false|false\u00a0\u00bb custom_padding_tablet=\u00a0\u00bb0px||0px||false|false\u00a0\u00bb custom_padding_phone=\u00a0\u00bb||444px||false|false\u00a0\u00bb global_colors_info=\u00a0\u00bb{}\u00a0\u00bb locked=\u00a0\u00bboff\u00a0\u00bb collapsed=\u00a0\u00bbon\u00a0\u00bb][et_pb_row admin_label=\u00a0\u00bbRow\u00a0\u00bb _builder_version=\u00a0\u00bb4.10.1&Prime; _module_preset=\u00a0\u00bbdefault\u00a0\u00bb background_video_pause_outside_viewport=\u00a0\u00bboff\u00a0\u00bb min_height_tablet=\u00a0\u00bb\u00a0\u00bb min_height_phone=\u00a0\u00bb\u00a0\u00bb min_height_last_edited=\u00a0\u00bbon|desktop\u00a0\u00bb height_tablet=\u00a0\u00bb\u00a0\u00bb height_phone=\u00a0\u00bb\u00a0\u00bb height_last_edited=\u00a0\u00bbon|desktop\u00a0\u00bb max_height_tablet=\u00a0\u00bb\u00a0\u00bb max_height_phone=\u00a0\u00bb\u00a0\u00bb max_height_last_edited=\u00a0\u00bbon|phone\u00a0\u00bb custom_margin=\u00a0\u00bb||||false|false\u00a0\u00bb custom_margin_tablet=\u00a0\u00bb\u00a0\u00bb custom_margin_phone=\u00a0\u00bb191px||||false|false\u00a0\u00bb custom_margin_last_edited=\u00a0\u00bbon|desktop\u00a0\u00bb custom_padding=\u00a0\u00bb||||false|false\u00a0\u00bb global_colors_info=\u00a0\u00bb{}\u00a0\u00bb][et_pb_column type=\u00a0\u00bb4_4&Prime; _builder_version=\u00a0\u00bb4.9.7&Prime; _module_preset=\u00a0\u00bbdefault\u00a0\u00bb global_colors_info=\u00a0\u00bb{}\u00a0\u00bb][et_pb_text admin_label=\u00a0\u00bbText\u00a0\u00bb _builder_version=\u00a0\u00bb4.10.1&Prime; _module_preset=\u00a0\u00bbdefault\u00a0\u00bb text_font=\u00a0\u00bbOpen Sans||||||||\u00a0\u00bb text_text_color=\u00a0\u00bb#868686&Prime; text_font_size=\u00a0\u00bb25px\u00a0\u00bb text_line_height=\u00a0\u00bb1.2em\u00a0\u00bb height_tablet=\u00a0\u00bb336px\u00a0\u00bb height_phone=\u00a0\u00bb666px\u00a0\u00bb height_last_edited=\u00a0\u00bbon|phone\u00a0\u00bb custom_margin=\u00a0\u00bb||||false|false\u00a0\u00bb custom_padding=\u00a0\u00bb||||false|false\u00a0\u00bb text_font_size_tablet=\u00a0\u00bb23px\u00a0\u00bb text_font_size_phone=\u00a0\u00bb\u00a0\u00bb text_font_size_last_edited=\u00a0\u00bbon|desktop\u00a0\u00bb global_colors_info=\u00a0\u00bb{}\u00a0\u00bb]<\/p>\n<p><span style=\"color: #bcbcbc;\">HugoCorporation Inc. est une soci\u00e9t\u00e9 d&rsquo;investissement priv\u00e9e canadienne qui privil\u00e9gie les relations adh\u00e9rant aux valeurs fondamentales.<br \/>Active dans les acquisitions d&rsquo;entreprises, l&rsquo;entreprise concentre actuellement ses efforts sur deux principaux segments d&rsquo;activit\u00e9\u00a0: la fabrication et la distribution. Construire, vivre et r\u00e9aliser les r\u00eaves des entrepreneurs peu importe la taille de l&rsquo;entreprise ou les moyens financiers est le principe fondateur de HugoCorporation Inc.<\/span><\/p>\n<p><span style=\"color: #bcbcbc;\"><span style=\"font-size: large;\"><strong><em>\u00ab\u00a0Pour moi, les employ\u00e9s sont notre atout le plus important.\u00a0 Ensemble, nous allons toujours plus vite, plus haut et plus loin<\/em><\/strong><em><strong>\u201d<br \/><\/strong><\/em><\/span><span style=\"font-size: medium;\"><em><strong>&#8211;<\/strong>Hugo St-Cyr<\/em><\/span><\/span><\/p>\n<p><span style=\"color: #bcbcbc;\">Tous ces r\u00eaves d&rsquo;entreprise ne peuvent \u00eatre r\u00e9alis\u00e9s sans parler du capital humain, qui est au c\u0153ur des strat\u00e9gies de rentabilit\u00e9 et de performance \u00e9conomique d&rsquo;une entreprise. Rien n&rsquo;est possible sans le travail d&rsquo;un employ\u00e9, d&rsquo;une \u00e9quipe ou d&rsquo;un groupe; les gens sont le seul facteur de diff\u00e9renciation pour l&rsquo;innovation et le succ\u00e8s durable d&rsquo;une entreprise.<\/span><\/p>\n<p>[\/et_pb_text][\/et_pb_column][\/et_pb_row][\/et_pb_section][et_pb_section fb_built=\u00a0\u00bb1&Prime; custom_padding_last_edited=\u00a0\u00bbon|desktop\u00a0\u00bb prev_background_color=\u00a0\u00bb#040402&Prime; next_background_color=\u00a0\u00bb#000000&Prime; admin_label=\u00a0\u00bbFeatures\u00a0\u00bb _builder_version=\u00a0\u00bb4.10.1&Prime; background_enable_image=\u00a0\u00bboff\u00a0\u00bb background_position=\u00a0\u00bbtop_left\u00a0\u00bb background_blend=\u00a0\u00bbscreen\u00a0\u00bb min_height_tablet=\u00a0\u00bb624px\u00a0\u00bb min_height_phone=\u00a0\u00bb\u00a0\u00bb min_height_last_edited=\u00a0\u00bbon|phone\u00a0\u00bb height_tablet=\u00a0\u00bb413px\u00a0\u00bb height_phone=\u00a0\u00bb\u00a0\u00bb height_last_edited=\u00a0\u00bbon|phone\u00a0\u00bb custom_margin=\u00a0\u00bb-81px||-33px||false|false\u00a0\u00bb custom_margin_tablet=\u00a0\u00bb-81px||-29px||false|false\u00a0\u00bb custom_margin_phone=\u00a0\u00bb||73px||false|false\u00a0\u00bb custom_margin_last_edited=\u00a0\u00bbon|tablet\u00a0\u00bb custom_padding=\u00a0\u00bb||||false|false\u00a0\u00bb custom_padding_tablet=\u00a0\u00bb182px||0px||false|false\u00a0\u00bb custom_padding_phone=\u00a0\u00bb0px|0px|0px|0px|false|false\u00a0\u00bb top_divider_style=\u00a0\u00bbslant\u00a0\u00bb top_divider_height=\u00a0\u00bb122px\u00a0\u00bb top_divider_height_tablet=\u00a0\u00bb96px\u00a0\u00bb top_divider_height_phone=\u00a0\u00bb3px\u00a0\u00bb top_divider_height_last_edited=\u00a0\u00bbon|phone\u00a0\u00bb bottom_divider_style=\u00a0\u00bbnone\u00a0\u00bb bottom_divider_height=\u00a0\u00bb319px\u00a0\u00bb bottom_divider_arrangement=\u00a0\u00bbabove_content\u00a0\u00bb bottom_divider_height_tablet=\u00a0\u00bb\u00a0\u00bb bottom_divider_height_phone=\u00a0\u00bb50px\u00a0\u00bb bottom_divider_height_last_edited=\u00a0\u00bbon|desktop\u00a0\u00bb global_colors_info=\u00a0\u00bb{}\u00a0\u00bb locked=\u00a0\u00bboff\u00a0\u00bb collapsed=\u00a0\u00bbon\u00a0\u00bb][et_pb_row admin_label=\u00a0\u00bbRow\u00a0\u00bb _builder_version=\u00a0\u00bb4.10.1&Prime; module_alignment=\u00a0\u00bbcenter\u00a0\u00bb min_height_tablet=\u00a0\u00bb\u00a0\u00bb min_height_phone=\u00a0\u00bb\u00a0\u00bb min_height_last_edited=\u00a0\u00bbon|desktop\u00a0\u00bb height_tablet=\u00a0\u00bb907px\u00a0\u00bb height_phone=\u00a0\u00bb\u00a0\u00bb height_last_edited=\u00a0\u00bbon|tablet\u00a0\u00bb max_height_tablet=\u00a0\u00bb325px\u00a0\u00bb max_height_phone=\u00a0\u00bb\u00a0\u00bb max_height_last_edited=\u00a0\u00bbon|phone\u00a0\u00bb custom_margin=\u00a0\u00bb-50px||||false|false\u00a0\u00bb custom_margin_tablet=\u00a0\u00bb||-186px||false|false\u00a0\u00bb custom_margin_phone=\u00a0\u00bb||||false|false\u00a0\u00bb custom_margin_last_edited=\u00a0\u00bbon|phone\u00a0\u00bb custom_padding=\u00a0\u00bb||||false|false\u00a0\u00bb global_colors_info=\u00a0\u00bb{}\u00a0\u00bb height__hover_enabled=\u00a0\u00bbon|desktop\u00a0\u00bb][et_pb_column type=\u00a0\u00bb4_4&Prime; _builder_version=\u00a0\u00bb4.9.10&Prime; custom_padding=\u00a0\u00bb90px||||false|false\u00a0\u00bb global_colors_info=\u00a0\u00bb{}\u00a0\u00bb custom_padding__hover=\u00a0\u00bb|||\u00a0\u00bb][et_pb_text admin_label=\u00a0\u00bbTitle\u00a0\u00bb _builder_version=\u00a0\u00bb4.10.1&Prime; text_font=\u00a0\u00bbMontserrat|700|||||||\u00a0\u00bb text_text_color=\u00a0\u00bb#c1172c\u00a0\u00bb text_font_size=\u00a0\u00bb18px\u00a0\u00bb text_line_height=\u00a0\u00bb1.8em\u00a0\u00bb header_font=\u00a0\u00bbMontserrat|700|||||||\u00a0\u00bb header_text_color=\u00a0\u00bb#c1172c\u00a0\u00bb header_2_font=\u00a0\u00bbTeko||||||||\u00a0\u00bb header_2_font_size=\u00a0\u00bb96px\u00a0\u00bb text_orientation=\u00a0\u00bbcenter\u00a0\u00bb max_width=\u00a0\u00bb1110px\u00a0\u00bb module_alignment=\u00a0\u00bbcenter\u00a0\u00bb min_height=\u00a0\u00bb41px\u00a0\u00bb height=\u00a0\u00bb100px\u00a0\u00bb height_tablet=\u00a0\u00bb\u00a0\u00bb height_phone=\u00a0\u00bb470px\u00a0\u00bb height_last_edited=\u00a0\u00bbon|desktop\u00a0\u00bb max_height=\u00a0\u00bb100px\u00a0\u00bb custom_margin=\u00a0\u00bb-35px|auto|-50px|auto|false|false\u00a0\u00bb custom_margin_tablet=\u00a0\u00bb-160px||||false|false\u00a0\u00bb custom_margin_phone=\u00a0\u00bb-60px||0px||false|false\u00a0\u00bb custom_margin_last_edited=\u00a0\u00bbon|desktop\u00a0\u00bb custom_padding=\u00a0\u00bb0px||||false|false\u00a0\u00bb header_2_font_size_tablet=\u00a0\u00bb66px\u00a0\u00bb header_2_font_size_phone=\u00a0\u00bb36px\u00a0\u00bb header_2_font_size_last_edited=\u00a0\u00bbon|phone\u00a0\u00bb inline_fonts=\u00a0\u00bbMontserrat\u00a0\u00bb global_colors_info=\u00a0\u00bb{}\u00a0\u00bb]<\/p>\n<h1 style=\"text-align: center;\"><span style=\"color: #c1172c; font-family: Montserrat;\"><span style=\"caret-color: #c1172c;\">NOS MARQUES DE CONFIANCE<\/span><\/span><\/h1>\n<p>[\/et_pb_text][\/et_pb_column][\/et_pb_row][et_pb_row column_structure=\u00a0\u00bb1_4,1_4,1_4,1_4&Prime; _builder_version=\u00a0\u00bb4.10.1&Prime; _module_preset=\u00a0\u00bbdefault\u00a0\u00bb module_alignment=\u00a0\u00bbcenter\u00a0\u00bb custom_margin=\u00a0\u00bb||||false|false\u00a0\u00bb custom_padding=\u00a0\u00bb||||false|false\u00a0\u00bb global_colors_info=\u00a0\u00bb{}\u00a0\u00bb][et_pb_column type=\u00a0\u00bb1_4&Prime; _builder_version=\u00a0\u00bb4.9.7&Prime; _module_preset=\u00a0\u00bbdefault\u00a0\u00bb global_colors_info=\u00a0\u00bb{}\u00a0\u00bb][et_pb_image src=\u00a0\u00bbhttps:\/\/hugocorporation.com\/wp-content\/uploads\/2021\/07\/Hugo-Corporation-BWS.png\u00a0\u00bb title_text=\u00a0\u00bbHugo Corporation-BWS\u00a0\u00bb url=\u00a0\u00bbhttps:\/\/www.bwstrailers.com\/\u00a0\u00bb url_new_window=\u00a0\u00bbon\u00a0\u00bb align=\u00a0\u00bbcenter\u00a0\u00bb _builder_version=\u00a0\u00bb4.10.1&Prime; _module_preset=\u00a0\u00bbdefault\u00a0\u00bb max_width=\u00a0\u00bb90%\u00a0\u00bb module_alignment=\u00a0\u00bbcenter\u00a0\u00bb max_height=\u00a0\u00bb110px\u00a0\u00bb custom_margin=\u00a0\u00bb16px|16px|16px|16px|true|true\u00a0\u00bb global_colors_info=\u00a0\u00bb{}\u00a0\u00bb][\/et_pb_image][\/et_pb_column][et_pb_column type=\u00a0\u00bb1_4&Prime; _builder_version=\u00a0\u00bb4.9.7&Prime; _module_preset=\u00a0\u00bbdefault\u00a0\u00bb global_colors_info=\u00a0\u00bb{}\u00a0\u00bb][et_pb_image src=\u00a0\u00bbhttps:\/\/hugocorporation.com\/wp-content\/uploads\/2021\/08\/Hugo-Corporation-Stargate.png\u00a0\u00bb title_text=\u00a0\u00bbHugo Corporation-Stargate\u00a0\u00bb url=\u00a0\u00bbhttps:\/\/www.stargatetrailers.ca\/\u00a0\u00bb url_new_window=\u00a0\u00bbon\u00a0\u00bb align=\u00a0\u00bbcenter\u00a0\u00bb _builder_version=\u00a0\u00bb4.10.1&Prime; _module_preset=\u00a0\u00bbdefault\u00a0\u00bb transform_translate=\u00a0\u00bb0px|14px\u00a0\u00bb transform_translate_linked=\u00a0\u00bboff\u00a0\u00bb max_width=\u00a0\u00bb95%\u00a0\u00bb module_alignment=\u00a0\u00bbcenter\u00a0\u00bb max_height=\u00a0\u00bb110px\u00a0\u00bb custom_margin=\u00a0\u00bb16px|16px|16px|16px|true|true\u00a0\u00bb custom_padding=\u00a0\u00bb||||false|false\u00a0\u00bb global_colors_info=\u00a0\u00bb{}\u00a0\u00bb][\/et_pb_image][\/et_pb_column][et_pb_column type=\u00a0\u00bb1_4&Prime; _builder_version=\u00a0\u00bb4.9.7&Prime; _module_preset=\u00a0\u00bbdefault\u00a0\u00bb global_colors_info=\u00a0\u00bb{}\u00a0\u00bb][et_pb_image src=\u00a0\u00bbhttps:\/\/hugocorporation.com\/wp-content\/uploads\/2021\/08\/Hugo-Corporation-LEWIS.png\u00a0\u00bb title_text=\u00a0\u00bbHugo Corporation-LEWIS\u00a0\u00bb url=\u00a0\u00bbhttps:\/\/www.remorqueslewis.com\/\u00a0\u00bb url_new_window=\u00a0\u00bbon\u00a0\u00bb align=\u00a0\u00bbcenter\u00a0\u00bb _builder_version=\u00a0\u00bb4.10.1&Prime; _module_preset=\u00a0\u00bbdefault\u00a0\u00bb max_width=\u00a0\u00bb90%\u00a0\u00bb module_alignment=\u00a0\u00bbcenter\u00a0\u00bb max_height=\u00a0\u00bb110px\u00a0\u00bb custom_margin=\u00a0\u00bb16px|16px|16px|16px|true|true\u00a0\u00bb global_colors_info=\u00a0\u00bb{}\u00a0\u00bb][\/et_pb_image][\/et_pb_column][et_pb_column type=\u00a0\u00bb1_4&Prime; _builder_version=\u00a0\u00bb4.9.7&Prime; _module_preset=\u00a0\u00bbdefault\u00a0\u00bb global_colors_info=\u00a0\u00bb{}\u00a0\u00bb][et_pb_image src=\u00a0\u00bbhttps:\/\/hugocorporation.com\/wp-content\/uploads\/2021\/08\/Hugo-Corporation-HC-Immobilier-Realty.png\u00a0\u00bb title_text=\u00a0\u00bbHugo Corporation-HC Immobilier Realty\u00a0\u00bb url_new_window=\u00a0\u00bbon\u00a0\u00bb align=\u00a0\u00bbcenter\u00a0\u00bb _builder_version=\u00a0\u00bb4.10.1&Prime; _module_preset=\u00a0\u00bbdefault\u00a0\u00bb transform_translate=\u00a0\u00bb0px|-11px\u00a0\u00bb transform_translate_linked=\u00a0\u00bboff\u00a0\u00bb max_width=\u00a0\u00bb90%\u00a0\u00bb module_alignment=\u00a0\u00bbcenter\u00a0\u00bb max_height=\u00a0\u00bb110px\u00a0\u00bb custom_margin=\u00a0\u00bb16px|16px|16px|16px|true|true\u00a0\u00bb custom_padding=\u00a0\u00bb|0px|||false|false\u00a0\u00bb global_colors_info=\u00a0\u00bb{}\u00a0\u00bb][\/et_pb_image][\/et_pb_column][\/et_pb_row][\/et_pb_section]<\/p>\n","protected":false},"excerpt":{"rendered":"<p>LE SUCC\u00c8S EST ILLIMIT\u00c9, OSEZ R\u00caVERHugoCorporation Inc. est une soci\u00e9t\u00e9 d&rsquo;investissement priv\u00e9e canadienne qui privil\u00e9gie les relations adh\u00e9rant aux valeurs fondamentales.Active dans les acquisitions d&rsquo;entreprises, l&rsquo;entreprise concentre actuellement ses efforts sur deux principaux segments d&rsquo;activit\u00e9\u00a0: la fabrication et la distribution. Construire, vivre et r\u00e9aliser les r\u00eaves des entrepreneurs peu importe la taille de l&rsquo;entreprise ou [&hellip;]<\/p>\n","protected":false},"author":5,"featured_media":0,"parent":0,"menu_order":0,"comment_status":"closed","ping_status":"closed","template":"","meta":{"_et_pb_use_builder":"on","_et_pb_old_content":"","_et_gb_content_width":"","footnotes":""},"class_list":["post-636","page","type-page","status-publish","hentry"],"_links":{"self":[{"href":"https:\/\/hugocorporation.com\/fr\/wp-json\/wp\/v2\/pages\/636","targetHints":{"allow":["GET"]}}],"collection":[{"href":"https:\/\/hugocorporation.com\/fr\/wp-json\/wp\/v2\/pages"}],"about":[{"href":"https:\/\/hugocorporation.com\/fr\/wp-json\/wp\/v2\/types\/page"}],"author":[{"embeddable":true,"href":"https:\/\/hugocorporation.com\/fr\/wp-json\/wp\/v2\/users\/5"}],"replies":[{"embeddable":true,"href":"https:\/\/hugocorporation.com\/fr\/wp-json\/wp\/v2\/comments?post=636"}],"version-history":[{"count":24,"href":"https:\/\/hugocorporation.com\/fr\/wp-json\/wp\/v2\/pages\/636\/revisions"}],"predecessor-version":[{"id":667,"href":"https:\/\/hugocorporation.com\/fr\/wp-json\/wp\/v2\/pages\/636\/revisions\/667"}],"wp:attachment":[{"href":"https:\/\/hugocorporation.com\/fr\/wp-json\/wp\/v2\/media?parent=636"}],"curies":[{"name":"wp","href":"https:\/\/api.w.org\/{rel}","templated":true}]}}